{"id":14178,"date":"2021-02-13T14:26:23","date_gmt":"2021-02-13T14:26:23","guid":{"rendered":"https:\/\/yenihayattipmerkezi.com\/yeni\/demo\/?page_id=14178"},"modified":"2021-02-24T13:38:29","modified_gmt":"2021-02-24T13:38:29","slug":"tibbi-birimler","status":"publish","type":"page","link":"https:\/\/yenihayattipmerkezi.com\/yeni\/tibbi-birimler\/","title":{"rendered":"Birimler"},"content":{"rendered":"<div id=\"cmsmasters_row_k4bfe04xqa\" class=\"cmsmasters_row cmsmasters_color_scheme_default cmsmasters_row_top_default cmsmasters_row_bot_default cmsmasters_row_boxed\">\n<div class=\"cmsmasters_row_outer_parent\">\n<div class=\"cmsmasters_row_outer\">\n<div class=\"cmsmasters_row_inner\">\n<div class=\"cmsmasters_row_margin\">\n<div id=\"cmsmasters_column_a23s5h9l8v\" class=\"cmsmasters_column one_half\">\n<div class=\"cmsmasters_column_inner\"><div id=\"cmsmasters_heading_e9dup28wad\" class=\"cmsmasters_heading_wrap cmsmasters_heading_align_left\">\n\t<h1 class=\"cmsmasters_heading\">T\u0131bbi Birimlerimiz<\/h1>\n<\/div>\n<\/div><\/div>\n<div id=\"cmsmasters_column_tj21a4t7ln\" class=\"cmsmasters_column one_half\">\n<div class=\"cmsmasters_column_inner\"><\/div><\/div>\n<\/div>\n<\/div>\n<\/div>\n<\/div>\n<\/div>\n<div id=\"cmsmasters_row_fmbjwuoovf\" class=\"cmsmasters_row cmsmasters_color_scheme_default cmsmasters_row_top_default cmsmasters_row_bot_default cmsmasters_row_boxed\">\n<div class=\"cmsmasters_row_outer_parent\">\n<div class=\"cmsmasters_row_outer\">\n<div class=\"cmsmasters_row_inner\">\n<div class=\"cmsmasters_row_margin\">\n<div id=\"cmsmasters_column_72meapts9\" class=\"cmsmasters_column one_fourth\">\n<div class=\"cmsmasters_column_inner\"><div class=\"cmsmasters_img  cmsmasters_image_n\" data-animation=\"fadeInUp\" data-delay=\"0\"><a href=\"\/tibbi-birimler\/acil-servis\/\"><img decoding=\"async\" src=\"https:\/\/yenihayattipmerkezi.com\/yeni\/wp-content\/uploads\/2021\/02\/2-1.jpg\" \/><\/a><\/div><div id=\"cmsmasters_heading_z9gox8sqv\" class=\"cmsmasters_heading_wrap cmsmasters_heading_align_left\">\n\t<h5 class=\"cmsmasters_heading\"><a href=\"\/tibbi-birimler\/acil-servis\/\">Acil Servis<\/a><\/h5>\n<\/div>\n<\/div><\/div>\n<div id=\"cmsmasters_column_onel16jtd6\" class=\"cmsmasters_column one_fourth\">\n<div class=\"cmsmasters_column_inner\"><div class=\"cmsmasters_img  cmsmasters_image_n\" data-animation=\"fadeInUp\" data-delay=\"0\"><a href=\"\/tibbi-birimler\/cocuk-sagligi-ve-hastaliklari\/\"><img decoding=\"async\" src=\"https:\/\/yenihayattipmerkezi.com\/yeni\/wp-content\/uploads\/2021\/02\/cocuksagligi.jpg\" \/><\/a><\/div><div id=\"cmsmasters_heading_gsi59yr6pr\" class=\"cmsmasters_heading_wrap cmsmasters_heading_align_left\">\n\t<h4 class=\"cmsmasters_heading\"><a href=\"\/tibbi-birimler\/cocuk-sagligi-ve-hastaliklari\/\">\u00c7ocuk Sa\u011fl\u0131\u011f\u0131 ve Hastal\u0131klar\u0131<\/a><\/h4>\n<\/div>\n<\/div><\/div>\n<div id=\"cmsmasters_column_7be6c4xbc\" class=\"cmsmasters_column one_fourth\">\n<div class=\"cmsmasters_column_inner\"><div class=\"cmsmasters_img  cmsmasters_image_n\" data-animation=\"fadeInUp\" data-delay=\"0\"><a href=\"\/tibbi-birimler\/genel-cerrahi\/\"><img decoding=\"async\" src=\"https:\/\/yenihayattipmerkezi.com\/yeni\/wp-content\/uploads\/2021\/02\/1-2.jpg\" \/><\/a><\/div><div id=\"cmsmasters_heading_pktnyc1t4k\" class=\"cmsmasters_heading_wrap cmsmasters_heading_align_left\">\n\t<h4 class=\"cmsmasters_heading\"><a href=\"\/tibbi-birimler\/genel-cerrahi\/\">Genel Cerrahi<\/a><\/h4>\n<\/div>\n<\/div><\/div>\n<div id=\"cmsmasters_column_arrpobr6d7\" class=\"cmsmasters_column one_fourth\">\n<div class=\"cmsmasters_column_inner\"><div class=\"cmsmasters_img  cmsmasters_image_n\" data-animation=\"fadeInUp\" data-delay=\"0\"><a href=\"\/tibbi-birimler\/kadin-hastaliklari-ve-dogum\/\"><img decoding=\"async\" src=\"https:\/\/yenihayattipmerkezi.com\/yeni\/wp-content\/uploads\/2021\/02\/kadindogum.jpg\" \/><\/a><\/div><div id=\"cmsmasters_heading_2woljbhxn\" class=\"cmsmasters_heading_wrap cmsmasters_heading_align_left\">\n\t<h4 class=\"cmsmasters_heading\"><a href=\"\/tibbi-birimler\/kadin-hastaliklari-ve-dogum\/\">Kad\u0131n Hastal\u0131klar\u0131 ve Do\u011fum<\/a><\/h4>\n<\/div>\n<\/div><\/div>\n<\/div>\n<\/div>\n<\/div>\n<\/div>\n<\/div>\n<div id=\"cmsmasters_row_8azglla7p2\" class=\"cmsmasters_row cmsmasters_color_scheme_default cmsmasters_row_top_default cmsmasters_row_bot_default cmsmasters_row_boxed\">\n<div class=\"cmsmasters_row_outer_parent\">\n<div class=\"cmsmasters_row_outer\">\n<div class=\"cmsmasters_row_inner\">\n<div class=\"cmsmasters_row_margin\">\n<div id=\"cmsmasters_column_p6msd01lxa\" class=\"cmsmasters_column one_fourth\">\n<div class=\"cmsmasters_column_inner\"><div class=\"cmsmasters_img  cmsmasters_image_n\" data-animation=\"fadeInUp\" data-delay=\"0\"><a href=\"\/tibbi-birimler\/\"><img decoding=\"async\" src=\"https:\/\/yenihayattipmerkezi.com\/yeni\/wp-content\/uploads\/2021\/02\/2-1.jpg\" \/><\/a><\/div><div id=\"cmsmasters_heading_ulah3lev8i\" class=\"cmsmasters_heading_wrap cmsmasters_heading_align_left\">\n\t<h4 class=\"cmsmasters_heading\"><a href=\"#\">\u0130\u00e7 Hastal\u0131klar\u0131 (Dahiliye)<\/a><\/h4>\n<\/div>\n<\/div><\/div>\n<div id=\"cmsmasters_column_6u82uv9ewr\" class=\"cmsmasters_column one_fourth\">\n<div class=\"cmsmasters_column_inner\"><div class=\"cmsmasters_img  cmsmasters_image_n\" data-animation=\"fadeInUp\" data-delay=\"0\"><a href=\"\/tibbi-birimler\/goz-hastaliklari\/\"><img decoding=\"async\" src=\"https:\/\/yenihayattipmerkezi.com\/yeni\/wp-content\/uploads\/2021\/02\/3-1.jpg\" \/><\/a><\/div><div id=\"cmsmasters_heading_dbufhcldar\" class=\"cmsmasters_heading_wrap cmsmasters_heading_align_left\">\n\t<h4 class=\"cmsmasters_heading\"><a href=\"\/tibbi-birimler\/goz-hastaliklari\/\">G\u00f6z Hastal\u0131klar\u0131<\/a><\/h4>\n<\/div>\n<\/div><\/div>\n<div id=\"cmsmasters_column_ofuzj9b75a\" class=\"cmsmasters_column one_fourth\">\n<div class=\"cmsmasters_column_inner\"><div class=\"cmsmasters_img  cmsmasters_image_n\" data-animation=\"fadeInUp\" data-delay=\"0\"><a href=\"#\"><img decoding=\"async\" src=\"https:\/\/yenihayattipmerkezi.com\/yeni\/wp-content\/uploads\/2021\/02\/2-1.jpg\" \/><\/a><\/div><div id=\"cmsmasters_heading_rmcapwnqbj\" class=\"cmsmasters_heading_wrap cmsmasters_heading_align_left\">\n\t<h4 class=\"cmsmasters_heading\"><a href=\"\/tibbi-birimler\/\">Radyoloji<\/a><\/h4>\n<\/div>\n<\/div><\/div>\n<div id=\"cmsmasters_column_dxzzrm6hb\" class=\"cmsmasters_column one_fourth\">\n<div class=\"cmsmasters_column_inner\"><div class=\"cmsmasters_img  cmsmasters_image_n\" data-animation=\"fadeInUp\" data-delay=\"0\"><a href=\"\/tibbi-birimler\"><img decoding=\"async\" src=\"https:\/\/yenihayattipmerkezi.com\/yeni\/wp-content\/uploads\/2021\/02\/2-1.jpg\" \/><\/a><\/div><div id=\"cmsmasters_heading_u1ndlcv72\" class=\"cmsmasters_heading_wrap cmsmasters_heading_align_left\">\n\t<h4 class=\"cmsmasters_heading\"><a href=\"#\">Enfeksiyon Hastal\u0131klar\u0131 ve Klinik Mikrobiyoloji<\/a><\/h4>\n<\/div>\n<\/div><\/div>\n<\/div>\n<\/div>\n<\/div>\n<\/div>\n<\/div>\n<div id=\"cmsmasters_row_bb8p779clr\" class=\"cmsmasters_row cmsmasters_color_scheme_default cmsmasters_row_top_default cmsmasters_row_bot_default cmsmasters_row_boxed\">\n<div class=\"cmsmasters_row_outer_parent\">\n<div class=\"cmsmasters_row_outer\">\n<div class=\"cmsmasters_row_inner\">\n<div class=\"cmsmasters_row_margin\">\n<div id=\"cmsmasters_column_rcwrwz1g0f\" class=\"cmsmasters_column one_fourth\">\n<div class=\"cmsmasters_column_inner\"><div class=\"cmsmasters_img  cmsmasters_image_n\" data-animation=\"fadeInUp\" data-delay=\"0\"><a href=\"#\"><img decoding=\"async\" src=\"https:\/\/yenihayattipmerkezi.com\/yeni\/wp-content\/uploads\/2021\/02\/2-1.jpg\" \/><\/a><\/div><div id=\"cmsmasters_heading_7f4sud5koq\" class=\"cmsmasters_heading_wrap cmsmasters_heading_align_left\">\n\t<h4 class=\"cmsmasters_heading\"><a href=\"\/tibbi-birimler\/\">T\u0131bbi Biyokimya<\/a><\/h4>\n<\/div>\n<\/div><\/div>\n<div id=\"cmsmasters_column_w5iz0y3ou\" class=\"cmsmasters_column one_fourth\">\n<div class=\"cmsmasters_column_inner\"><div class=\"cmsmasters_img  cmsmasters_image_n\" data-animation=\"fadeInUp\" data-delay=\"0\"><a href=\"\/tibbi-birimler\/anestezi-ve-reanimasyon\/\"><img decoding=\"async\" src=\"https:\/\/yenihayattipmerkezi.com\/yeni\/wp-content\/uploads\/2021\/02\/3-1.jpg\" \/><\/a><\/div><div id=\"cmsmasters_heading_d1yaclz1df\" class=\"cmsmasters_heading_wrap cmsmasters_heading_align_left\">\n\t<h4 class=\"cmsmasters_heading\"><a href=\"\/tibbi-birimler\/anestezi-ve-reanimasyon\/\">Anesteziyoloji ve Reanimasyon<\/a><\/h4>\n<\/div>\n<\/div><\/div>\n<div id=\"cmsmasters_column_c4pnlkopl\" class=\"cmsmasters_column one_fourth\">\n<div class=\"cmsmasters_column_inner\"><div class=\"cmsmasters_img  cmsmasters_image_n\" data-animation=\"fadeInUp\" data-delay=\"0\"><a href=\"\/tibbi-birimler\/beslenme-ve-diyet\/\"><img decoding=\"async\" src=\"https:\/\/yenihayattipmerkezi.com\/yeni\/wp-content\/uploads\/2021\/02\/2-1.jpg\" \/><\/a><\/div><div id=\"cmsmasters_heading_yzp14nxmhh\" class=\"cmsmasters_heading_wrap cmsmasters_heading_align_left\">\n\t<h4 class=\"cmsmasters_heading\"><a href=\"\/tibbi-birimler\/beslenme-ve-diyet\/\">Diyetisyen<\/a><\/h4>\n<\/div>\n<\/div><\/div>\n<div id=\"cmsmasters_column_ih9v97octo\" class=\"cmsmasters_column one_fourth\">\n<div class=\"cmsmasters_column_inner\"><div class=\"cmsmasters_img  cmsmasters_image_n\" data-animation=\"fadeInUp\" data-delay=\"0\"><a href=\"\/tibbi-birimler\/\"><img decoding=\"async\" src=\"https:\/\/yenihayattipmerkezi.com\/yeni\/wp-content\/uploads\/2015\/11\/5-2.jpg\" \/><\/a><\/div><div id=\"cmsmasters_heading_tl4wzysoap\" class=\"cmsmasters_heading_wrap cmsmasters_heading_align_left\">\n\t<h4 class=\"cmsmasters_heading\"><a href=\"#\">Ortopedi ve Travmatoloji<\/a><\/h4>\n<\/div>\n<\/div><\/div>\n<\/div>\n<\/div>\n<\/div>\n<\/div>\n<\/div>\n<div id=\"cmsmasters_row_57nvpuyr2w\" class=\"cmsmasters_row cmsmasters_color_scheme_default cmsmasters_row_top_default cmsmasters_row_bot_default cmsmasters_row_boxed\">\n<div class=\"cmsmasters_row_outer_parent\">\n<div class=\"cmsmasters_row_outer\">\n<div class=\"cmsmasters_row_inner\">\n<div class=\"cmsmasters_row_margin\">\n<div id=\"cmsmasters_column_xoka45u3ni\" class=\"cmsmasters_column one_fourth\">\n<div class=\"cmsmasters_column_inner\"><div class=\"cmsmasters_img  cmsmasters_image_n\" data-animation=\"fadeInUp\" data-delay=\"0\"><a href=\"\/tibbi-birimler\/\"><img decoding=\"async\" src=\"https:\/\/yenihayattipmerkezi.com\/yeni\/wp-content\/uploads\/2021\/02\/2-1.jpg\" \/><\/a><\/div><div id=\"cmsmasters_heading_fjzq4jlo07\" class=\"cmsmasters_heading_wrap cmsmasters_heading_align_left\">\n\t<h4 class=\"cmsmasters_heading\"><a href=\"\/tibbi-birimler\/\">N\u00f6roloji<\/a><\/h4>\n<\/div>\n<\/div><\/div>\n<div id=\"cmsmasters_column_h5j8j0c61s\" class=\"cmsmasters_column one_fourth\">\n<div class=\"cmsmasters_column_inner\"><div class=\"cmsmasters_img  cmsmasters_image_n\" data-animation=\"fadeInUp\" data-delay=\"0\"><a href=\"\/tibbi-birimler\/\"><img decoding=\"async\" src=\"https:\/\/yenihayattipmerkezi.com\/yeni\/wp-content\/uploads\/2021\/02\/3-1.jpg\" \/><\/a><\/div><div id=\"cmsmasters_heading_snmnsv4twi\" class=\"cmsmasters_heading_wrap cmsmasters_heading_align_left\">\n\t<h4 class=\"cmsmasters_heading\"><a href=\"\/tibbi-birimler\/\">\u00dcroloji<\/a><\/h4>\n<\/div>\n<\/div><\/div>\n<div id=\"cmsmasters_column_tu3olrp4r5\" class=\"cmsmasters_column one_fourth\">\n<div class=\"cmsmasters_column_inner\"><\/div><\/div>\n<div id=\"cmsmasters_column_1i9wac79s\" class=\"cmsmasters_column one_fourth\">\n<div class=\"cmsmasters_column_inner\"><\/div><\/div>\n<\/div>\n<\/div>\n<\/div>\n<\/div>\n<\/div>\n\n","protected":false},"excerpt":{"rendered":"","protected":false},"author":1,"featured_media":0,"parent":0,"menu_order":0,"comment_status":"closed","ping_status":"closed","template":"","meta":{"footnotes":""},"class_list":["post-14178","page","type-page","status-publish","hentry"],"yoast_head":"<!-- This site is optimized with the Yoast SEO plugin v17.7 - https:\/\/yoast.com\/wordpress\/plugins\/seo\/ -->\n<title>Birimler - Yeni Hayat T\u0131p Merkezi<\/title>\n<meta name=\"robots\" content=\"index, follow, max-snippet:-1, max-image-preview:large, max-video-preview:-1\" \/>\n<link rel=\"canonical\" href=\"https:\/\/yenihayattipmerkezi.com\/yeni\/tibbi-birimler\/\" \/>\n<meta property=\"og:locale\" content=\"tr_TR\" \/>\n<meta property=\"og:type\" content=\"article\" \/>\n<meta property=\"og:title\" content=\"Birimler - Yeni Hayat T\u0131p Merkezi\" \/>\n<meta property=\"og:url\" content=\"https:\/\/yenihayattipmerkezi.com\/yeni\/tibbi-birimler\/\" \/>\n<meta property=\"og:site_name\" content=\"Yeni Hayat T\u0131p Merkezi\" \/>\n<meta property=\"article:modified_time\" content=\"2021-02-24T13:38:29+00:00\" \/>\n<meta name=\"twitter:card\" content=\"summary_large_image\" \/>\n<script type=\"application\/ld+json\" class=\"yoast-schema-graph\">{\"@context\":\"https:\/\/schema.org\",\"@graph\":[{\"@type\":\"WebSite\",\"@id\":\"https:\/\/yenihayattipmerkezi.com\/yeni\/#website\",\"url\":\"https:\/\/yenihayattipmerkezi.com\/yeni\/\",\"name\":\"Yeni Hayat T\\u0131p Merkezi\",\"description\":\"Yeni Hayat T\\u0131p Merkezi\",\"potentialAction\":[{\"@type\":\"SearchAction\",\"target\":{\"@type\":\"EntryPoint\",\"urlTemplate\":\"https:\/\/yenihayattipmerkezi.com\/yeni\/?s={search_term_string}\"},\"query-input\":\"required name=search_term_string\"}],\"inLanguage\":\"tr\"},{\"@type\":\"WebPage\",\"@id\":\"https:\/\/yenihayattipmerkezi.com\/yeni\/tibbi-birimler\/#webpage\",\"url\":\"https:\/\/yenihayattipmerkezi.com\/yeni\/tibbi-birimler\/\",\"name\":\"Birimler - Yeni Hayat T\\u0131p Merkezi\",\"isPartOf\":{\"@id\":\"https:\/\/yenihayattipmerkezi.com\/yeni\/#website\"},\"datePublished\":\"2021-02-13T14:26:23+00:00\",\"dateModified\":\"2021-02-24T13:38:29+00:00\",\"breadcrumb\":{\"@id\":\"https:\/\/yenihayattipmerkezi.com\/yeni\/tibbi-birimler\/#breadcrumb\"},\"inLanguage\":\"tr\",\"potentialAction\":[{\"@type\":\"ReadAction\",\"target\":[\"https:\/\/yenihayattipmerkezi.com\/yeni\/tibbi-birimler\/\"]}]},{\"@type\":\"BreadcrumbList\",\"@id\":\"https:\/\/yenihayattipmerkezi.com\/yeni\/tibbi-birimler\/#breadcrumb\",\"itemListElement\":[{\"@type\":\"ListItem\",\"position\":1,\"name\":\"Home\",\"item\":\"https:\/\/yenihayattipmerkezi.com\/yeni\/\"},{\"@type\":\"ListItem\",\"position\":2,\"name\":\"Birimler\"}]}]}<\/script>\n<!-- \/ Yoast SEO plugin. -->","yoast_head_json":{"title":"Birimler - Yeni Hayat T\u0131p Merkezi","robots":{"index":"index","follow":"follow","max-snippet":"max-snippet:-1","max-image-preview":"max-image-preview:large","max-video-preview":"max-video-preview:-1"},"canonical":"https:\/\/yenihayattipmerkezi.com\/yeni\/tibbi-birimler\/","og_locale":"tr_TR","og_type":"article","og_title":"Birimler - Yeni Hayat T\u0131p Merkezi","og_url":"https:\/\/yenihayattipmerkezi.com\/yeni\/tibbi-birimler\/","og_site_name":"Yeni Hayat T\u0131p Merkezi","article_modified_time":"2021-02-24T13:38:29+00:00","twitter_card":"summary_large_image","schema":{"@context":"https:\/\/schema.org","@graph":[{"@type":"WebSite","@id":"https:\/\/yenihayattipmerkezi.com\/yeni\/#website","url":"https:\/\/yenihayattipmerkezi.com\/yeni\/","name":"Yeni Hayat T\u0131p Merkezi","description":"Yeni Hayat T\u0131p Merkezi","potentialAction":[{"@type":"SearchAction","target":{"@type":"EntryPoint","urlTemplate":"https:\/\/yenihayattipmerkezi.com\/yeni\/?s={search_term_string}"},"query-input":"required name=search_term_string"}],"inLanguage":"tr"},{"@type":"WebPage","@id":"https:\/\/yenihayattipmerkezi.com\/yeni\/tibbi-birimler\/#webpage","url":"https:\/\/yenihayattipmerkezi.com\/yeni\/tibbi-birimler\/","name":"Birimler - Yeni Hayat T\u0131p Merkezi","isPartOf":{"@id":"https:\/\/yenihayattipmerkezi.com\/yeni\/#website"},"datePublished":"2021-02-13T14:26:23+00:00","dateModified":"2021-02-24T13:38:29+00:00","breadcrumb":{"@id":"https:\/\/yenihayattipmerkezi.com\/yeni\/tibbi-birimler\/#breadcrumb"},"inLanguage":"tr","potentialAction":[{"@type":"ReadAction","target":["https:\/\/yenihayattipmerkezi.com\/yeni\/tibbi-birimler\/"]}]},{"@type":"BreadcrumbList","@id":"https:\/\/yenihayattipmerkezi.com\/yeni\/tibbi-birimler\/#breadcrumb","itemListElement":[{"@type":"ListItem","position":1,"name":"Home","item":"https:\/\/yenihayattipmerkezi.com\/yeni\/"},{"@type":"ListItem","position":2,"name":"Birimler"}]}]}},"_links":{"self":[{"href":"https:\/\/yenihayattipmerkezi.com\/yeni\/wp-json\/wp\/v2\/pages\/14178","targetHints":{"allow":["GET"]}}],"collection":[{"href":"https:\/\/yenihayattipmerkezi.com\/yeni\/wp-json\/wp\/v2\/pages"}],"about":[{"href":"https:\/\/yenihayattipmerkezi.com\/yeni\/wp-json\/wp\/v2\/types\/page"}],"author":[{"embeddable":true,"href":"https:\/\/yenihayattipmerkezi.com\/yeni\/wp-json\/wp\/v2\/users\/1"}],"replies":[{"embeddable":true,"href":"https:\/\/yenihayattipmerkezi.com\/yeni\/wp-json\/wp\/v2\/comments?post=14178"}],"version-history":[{"count":7,"href":"https:\/\/yenihayattipmerkezi.com\/yeni\/wp-json\/wp\/v2\/pages\/14178\/revisions"}],"predecessor-version":[{"id":14300,"href":"https:\/\/yenihayattipmerkezi.com\/yeni\/wp-json\/wp\/v2\/pages\/14178\/revisions\/14300"}],"wp:attachment":[{"href":"https:\/\/yenihayattipmerkezi.com\/yeni\/wp-json\/wp\/v2\/media?parent=14178"}],"curies":[{"name":"wp","href":"https:\/\/api.w.org\/{rel}","templated":true}]}}