{"id":14374,"date":"2021-07-08T16:44:34","date_gmt":"2021-07-08T16:44:34","guid":{"rendered":"https:\/\/yenihayattipmerkezi.com\/yeni\/?page_id=14374"},"modified":"2021-07-09T07:23:42","modified_gmt":"2021-07-09T07:23:42","slug":"insan-kaynaklari","status":"publish","type":"page","link":"https:\/\/yenihayattipmerkezi.com\/yeni\/insan-kaynaklari\/","title":{"rendered":"\u0130nsan Kaynaklar\u0131"},"content":{"rendered":"<p>[ipt_fsqm_form id=&#8221;5&#8243;]<\/p>\n","protected":false},"excerpt":{"rendered":"<p>[ipt_fsqm_form id=&#8221;5&#8243;]<\/p>\n","protected":false},"author":2,"featured_media":0,"parent":0,"menu_order":0,"comment_status":"closed","ping_status":"closed","template":"","meta":{"footnotes":""},"class_list":["post-14374","page","type-page","status-publish","hentry"],"yoast_head":"<!-- This site is optimized with the Yoast SEO plugin v17.7 - https:\/\/yoast.com\/wordpress\/plugins\/seo\/ -->\n<title>\u0130nsan Kaynaklar\u0131 - Yeni Hayat T\u0131p Merkezi<\/title>\n<meta name=\"robots\" content=\"index, follow, max-snippet:-1, max-image-preview:large, max-video-preview:-1\" \/>\n<link rel=\"canonical\" href=\"https:\/\/yenihayattipmerkezi.com\/yeni\/insan-kaynaklari\/\" \/>\n<meta property=\"og:locale\" content=\"tr_TR\" \/>\n<meta property=\"og:type\" content=\"article\" \/>\n<meta property=\"og:title\" content=\"\u0130nsan Kaynaklar\u0131 - Yeni Hayat T\u0131p Merkezi\" \/>\n<meta property=\"og:description\" content=\"[ipt_fsqm_form id=&#8221;5&#8243;]\" \/>\n<meta property=\"og:url\" content=\"https:\/\/yenihayattipmerkezi.com\/yeni\/insan-kaynaklari\/\" \/>\n<meta property=\"og:site_name\" content=\"Yeni Hayat T\u0131p Merkezi\" \/>\n<meta property=\"article:modified_time\" content=\"2021-07-09T07:23:42+00:00\" \/>\n<meta name=\"twitter:card\" content=\"summary_large_image\" \/>\n<meta name=\"twitter:label1\" content=\"Tahmini okuma s\u00fcresi\" \/>\n\t<meta name=\"twitter:data1\" content=\"1 dakika\" \/>\n<script type=\"application\/ld+json\" class=\"yoast-schema-graph\">{\"@context\":\"https:\/\/schema.org\",\"@graph\":[{\"@type\":\"WebSite\",\"@id\":\"https:\/\/yenihayattipmerkezi.com\/yeni\/#website\",\"url\":\"https:\/\/yenihayattipmerkezi.com\/yeni\/\",\"name\":\"Yeni Hayat T\\u0131p Merkezi\",\"description\":\"Yeni Hayat T\\u0131p Merkezi\",\"potentialAction\":[{\"@type\":\"SearchAction\",\"target\":{\"@type\":\"EntryPoint\",\"urlTemplate\":\"https:\/\/yenihayattipmerkezi.com\/yeni\/?s={search_term_string}\"},\"query-input\":\"required name=search_term_string\"}],\"inLanguage\":\"tr\"},{\"@type\":\"WebPage\",\"@id\":\"https:\/\/yenihayattipmerkezi.com\/yeni\/insan-kaynaklari\/#webpage\",\"url\":\"https:\/\/yenihayattipmerkezi.com\/yeni\/insan-kaynaklari\/\",\"name\":\"\\u0130nsan Kaynaklar\\u0131 - Yeni Hayat T\\u0131p Merkezi\",\"isPartOf\":{\"@id\":\"https:\/\/yenihayattipmerkezi.com\/yeni\/#website\"},\"datePublished\":\"2021-07-08T16:44:34+00:00\",\"dateModified\":\"2021-07-09T07:23:42+00:00\",\"breadcrumb\":{\"@id\":\"https:\/\/yenihayattipmerkezi.com\/yeni\/insan-kaynaklari\/#breadcrumb\"},\"inLanguage\":\"tr\",\"potentialAction\":[{\"@type\":\"ReadAction\",\"target\":[\"https:\/\/yenihayattipmerkezi.com\/yeni\/insan-kaynaklari\/\"]}]},{\"@type\":\"BreadcrumbList\",\"@id\":\"https:\/\/yenihayattipmerkezi.com\/yeni\/insan-kaynaklari\/#breadcrumb\",\"itemListElement\":[{\"@type\":\"ListItem\",\"position\":1,\"name\":\"Home\",\"item\":\"https:\/\/yenihayattipmerkezi.com\/yeni\/\"},{\"@type\":\"ListItem\",\"position\":2,\"name\":\"\\u0130nsan Kaynaklar\\u0131\"}]}]}<\/script>\n<!-- \/ Yoast SEO plugin. -->","yoast_head_json":{"title":"\u0130nsan Kaynaklar\u0131 - Yeni Hayat T\u0131p Merkezi","robots":{"index":"index","follow":"follow","max-snippet":"max-snippet:-1","max-image-preview":"max-image-preview:large","max-video-preview":"max-video-preview:-1"},"canonical":"https:\/\/yenihayattipmerkezi.com\/yeni\/insan-kaynaklari\/","og_locale":"tr_TR","og_type":"article","og_title":"\u0130nsan Kaynaklar\u0131 - Yeni Hayat T\u0131p Merkezi","og_description":"[ipt_fsqm_form id=&#8221;5&#8243;]","og_url":"https:\/\/yenihayattipmerkezi.com\/yeni\/insan-kaynaklari\/","og_site_name":"Yeni Hayat T\u0131p Merkezi","article_modified_time":"2021-07-09T07:23:42+00:00","twitter_card":"summary_large_image","twitter_misc":{"Tahmini okuma s\u00fcresi":"1 dakika"},"schema":{"@context":"https:\/\/schema.org","@graph":[{"@type":"WebSite","@id":"https:\/\/yenihayattipmerkezi.com\/yeni\/#website","url":"https:\/\/yenihayattipmerkezi.com\/yeni\/","name":"Yeni Hayat T\u0131p Merkezi","description":"Yeni Hayat T\u0131p Merkezi","potentialAction":[{"@type":"SearchAction","target":{"@type":"EntryPoint","urlTemplate":"https:\/\/yenihayattipmerkezi.com\/yeni\/?s={search_term_string}"},"query-input":"required name=search_term_string"}],"inLanguage":"tr"},{"@type":"WebPage","@id":"https:\/\/yenihayattipmerkezi.com\/yeni\/insan-kaynaklari\/#webpage","url":"https:\/\/yenihayattipmerkezi.com\/yeni\/insan-kaynaklari\/","name":"\u0130nsan Kaynaklar\u0131 - Yeni Hayat T\u0131p Merkezi","isPartOf":{"@id":"https:\/\/yenihayattipmerkezi.com\/yeni\/#website"},"datePublished":"2021-07-08T16:44:34+00:00","dateModified":"2021-07-09T07:23:42+00:00","breadcrumb":{"@id":"https:\/\/yenihayattipmerkezi.com\/yeni\/insan-kaynaklari\/#breadcrumb"},"inLanguage":"tr","potentialAction":[{"@type":"ReadAction","target":["https:\/\/yenihayattipmerkezi.com\/yeni\/insan-kaynaklari\/"]}]},{"@type":"BreadcrumbList","@id":"https:\/\/yenihayattipmerkezi.com\/yeni\/insan-kaynaklari\/#breadcrumb","itemListElement":[{"@type":"ListItem","position":1,"name":"Home","item":"https:\/\/yenihayattipmerkezi.com\/yeni\/"},{"@type":"ListItem","position":2,"name":"\u0130nsan Kaynaklar\u0131"}]}]}},"_links":{"self":[{"href":"https:\/\/yenihayattipmerkezi.com\/yeni\/wp-json\/wp\/v2\/pages\/14374","targetHints":{"allow":["GET"]}}],"collection":[{"href":"https:\/\/yenihayattipmerkezi.com\/yeni\/wp-json\/wp\/v2\/pages"}],"about":[{"href":"https:\/\/yenihayattipmerkezi.com\/yeni\/wp-json\/wp\/v2\/types\/page"}],"author":[{"embeddable":true,"href":"https:\/\/yenihayattipmerkezi.com\/yeni\/wp-json\/wp\/v2\/users\/2"}],"replies":[{"embeddable":true,"href":"https:\/\/yenihayattipmerkezi.com\/yeni\/wp-json\/wp\/v2\/comments?post=14374"}],"version-history":[{"count":4,"href":"https:\/\/yenihayattipmerkezi.com\/yeni\/wp-json\/wp\/v2\/pages\/14374\/revisions"}],"predecessor-version":[{"id":14379,"href":"https:\/\/yenihayattipmerkezi.com\/yeni\/wp-json\/wp\/v2\/pages\/14374\/revisions\/14379"}],"wp:attachment":[{"href":"https:\/\/yenihayattipmerkezi.com\/yeni\/wp-json\/wp\/v2\/media?parent=14374"}],"curies":[{"name":"wp","href":"https:\/\/api.w.org\/{rel}","templated":true}]}}