{"id":60,"date":"2015-04-15T10:57:41","date_gmt":"2015-04-15T10:57:41","guid":{"rendered":"http:\/\/welfare.cmsmasters.net\/?page_id=60"},"modified":"2021-01-14T19:43:12","modified_gmt":"2021-01-14T19:43:12","slug":"iletisim","status":"publish","type":"page","link":"https:\/\/yenihayattipmerkezi.com\/yeni\/iletisim\/","title":{"rendered":"\u0130leti\u015fim"},"content":{"rendered":"<div id=\"cmsmasters_row_6493e01f59\" class=\"cmsmasters_row cmsmasters_color_scheme_default cmsmasters_row_top_default cmsmasters_row_bot_default cmsmasters_row_fullwidth\">\n<div class=\"cmsmasters_row_outer_parent\">\n<div class=\"cmsmasters_row_outer\">\n<div class=\"cmsmasters_row_inner cmsmasters_row_fullwidth\">\n<div class=\"cmsmasters_row_margin\">\n<div id=\"cmsmasters_column_d9b589c37c\" class=\"cmsmasters_column one_first\">\n<div class=\"cmsmasters_column_inner\"><div class=\"custom_html\">\n<iframe loading=\"lazy\" src=\"https:\/\/www.google.com\/maps\/embed?pb=!1m14!1m8!1m3!1d24076.216781573097!2d28.656980000000004!3d41.035601!3m2!1i1024!2i768!4f13.1!3m3!1m2!1s0x0%3A0x8d7f8766120318c2!2sYEN%C4%B0HAYAT%20TIP%20MERKEZ%C4%B0!5e0!3m2!1str!2str!4v1609834961738!5m2!1str!2str\" width=\"100%\" height=\"450\" frameborder=\"0\" style=\"border:0;\" allowfullscreen=\"\" aria-hidden=\"false\" tabindex=\"0\"><\/iframe>\n<\/div>\n<\/div><\/div>\n<\/div>\n<\/div>\n<\/div>\n<\/div>\n<\/div>\n<div id=\"cmsmasters_row_bf9eb46315\" class=\"cmsmasters_row cmsmasters_color_scheme_default cmsmasters_row_top_default cmsmasters_row_bot_default cmsmasters_row_boxed\">\n<div class=\"cmsmasters_row_outer_parent\">\n<div class=\"cmsmasters_row_outer\">\n<div class=\"cmsmasters_row_inner\">\n<div class=\"cmsmasters_row_margin\">\n<div id=\"cmsmasters_column_7e736936bb\" class=\"cmsmasters_column one_half\">\n<div class=\"cmsmasters_column_inner\"><div id=\"cmsmasters_heading_553d83c90b\" class=\"cmsmasters_heading_wrap cmsmasters_heading_align_left\">\n\t<h2 class=\"cmsmasters_heading\">Bize Ula\u015f\u0131n<\/h2>\n<\/div><div class=\"cmsmasters_text\">\n<div class=\"wpb_text_column wpb_content_element \"><\/div>\n<div class=\"wpb_text_column wpb_content_element \">\n<div class=\"wpb_wrapper\">\n<p>Yan taraftaki formu doldurarak yada telefon numaralar\u0131m\u0131z\u0131 aray\u0131p kay\u0131t b\u0131rakt\u0131\u011f\u0131n\u0131z takdirde; ilgili uzmanlar\u0131m\u0131z size ula\u015farak, merak etti\u011finiz t\u00fcm konularda sizeleri ayd\u0131nlatacakt\u0131r.<\/p>\n<\/div>\n<\/div>\n<\/div>\n<div id=\"cmsmasters_divider_f19453f198\" class=\"cl\"><\/div>\n<div class=\"cmsmasters_sidebar sidebar_layout_1212\"><aside id=\"custom-contact-info-4\" class=\"widget widget_custom_contact_info_entries\"><h3 class=\"widgettitle\">Adres<\/h3><div class=\"adr adress_wrap cmsmasters_theme_icon_user_address\"><span class=\"street-address contact_widget_address\">\u015eehitler mah. cumhuriyet cad. no 86 Esenyurt \/ \u0130stanbul<\/span><\/div><\/aside><aside id=\"custom-contact-info-5\" class=\"widget widget_custom_contact_info_entries\"><h3 class=\"widgettitle\">\u0130leti\u015fim<\/h3><span class=\"contact_widget_url cmsmasters_theme_icon_user_website\"><a class=\"url\" href=\"http:\/\/www.yenihayattipmerkezi.com\">www.yenihayattipmerkezi.com<\/a><\/span><span class=\"contact_widget_email cmsmasters_theme_icon_user_mail\"><a class=\"email\" href=\"mailto:in%66%6f&#64;%79e&#110;&#105;%68%61%79%61%74t&#105;p%6der&#107;&#101;z&#105;&#46;%63%6fm\">i&#110;fo&#64;&#121;e&#110;i&#104;&#97;yat&#116;i&#112;&#109;e&#114;&#107;&#101;&#122;&#105;&#46;com<\/a><\/span><span class=\"contact_widget_phone cmsmasters_theme_icon_user_phone\"><span class=\"tel\">+90 212 689 29 99<\/span><\/span><\/aside><div class=\"cl\"><\/div>\n<\/div>\n<\/div><\/div>\n<div id=\"cmsmasters_column_79f5b8e890\" class=\"cmsmasters_column one_half\">\n<div class=\"cmsmasters_column_inner\"><div id=\"cmsmasters_heading_36ea377cdb\" class=\"cmsmasters_heading_wrap cmsmasters_heading_align_left\">\n\t<h2 class=\"cmsmasters_heading\">Bize Yaz\u0131n<\/h2>\n<\/div>\n<div class=\"cmsmasters_contact_form\"><div role=\"form\" class=\"wpcf7\" id=\"wpcf7-f13359-o1\" lang=\"en-US\" dir=\"ltr\">\n<div class=\"screen-reader-response\"><p role=\"status\" aria-live=\"polite\" aria-atomic=\"true\"><\/p> <ul><\/ul><\/div>\n<form action=\"\/yeni\/wp-json\/wp\/v2\/pages\/60#wpcf7-f13359-o1\" method=\"post\" class=\"wpcf7-form init\" novalidate=\"novalidate\" data-status=\"init\">\n<div style=\"display: none;\">\n<input type=\"hidden\" name=\"_wpcf7\" value=\"13359\" \/>\n<input type=\"hidden\" name=\"_wpcf7_version\" value=\"5.5.3\" \/>\n<input type=\"hidden\" name=\"_wpcf7_locale\" value=\"en_US\" \/>\n<input type=\"hidden\" name=\"_wpcf7_unit_tag\" value=\"wpcf7-f13359-o1\" \/>\n<input type=\"hidden\" name=\"_wpcf7_container_post\" value=\"0\" \/>\n<input type=\"hidden\" name=\"_wpcf7_posted_data_hash\" value=\"\" \/>\n<\/div>\n<p><label> \u0130sim Soyisim (zorunlu)<br \/>\n    <span class=\"wpcf7-form-control-wrap your-name\"><input type=\"text\" name=\"your-name\" value=\"\" size=\"40\" class=\"wpcf7-form-control wpcf7-text wpcf7-validates-as-required\" aria-required=\"true\" aria-invalid=\"false\" \/><\/span> <\/label><\/p>\n<p><label> Email Adresiniz (zorunlu)<br \/>\n    <span class=\"wpcf7-form-control-wrap your-email\"><input type=\"email\" name=\"your-email\" value=\"\" size=\"40\" class=\"wpcf7-form-control wpcf7-text wpcf7-email wpcf7-validates-as-required wpcf7-validates-as-email\" aria-required=\"true\" aria-invalid=\"false\" \/><\/span> <\/label><\/p>\n<p><label> Konu<br \/>\n    <span class=\"wpcf7-form-control-wrap your-subject\"><input type=\"text\" name=\"your-subject\" value=\"\" size=\"40\" class=\"wpcf7-form-control wpcf7-text\" aria-invalid=\"false\" \/><\/span> <\/label><\/p>\n<p><label> Mesaj\u0131n\u0131z<br \/>\n    <span class=\"wpcf7-form-control-wrap your-message\"><textarea name=\"your-message\" cols=\"40\" rows=\"10\" class=\"wpcf7-form-control wpcf7-textarea\" aria-invalid=\"false\"><\/textarea><\/span> <\/label><\/p>\n<p><input type=\"submit\" value=\"G\u00f6nder\" class=\"wpcf7-form-control has-spinner wpcf7-submit\" \/><\/p>\n<div class=\"wpcf7-response-output\" aria-hidden=\"true\"><\/div><\/form><\/div><\/div>\n<\/div><\/div>\n<\/div>\n<\/div>\n<\/div>\n<\/div>\n<\/div>\n\n","protected":false},"excerpt":{"rendered":"","protected":false},"author":1,"featured_media":0,"parent":0,"menu_order":0,"comment_status":"closed","ping_status":"closed","template":"","meta":{"footnotes":""},"class_list":["post-60","page","type-page","status-publish","hentry"],"yoast_head":"<!-- This site is optimized with the Yoast SEO plugin v17.7 - https:\/\/yoast.com\/wordpress\/plugins\/seo\/ -->\n<title>\u0130leti\u015fim - Yeni Hayat T\u0131p Merkezi<\/title>\n<meta name=\"robots\" content=\"index, follow, max-snippet:-1, max-image-preview:large, max-video-preview:-1\" \/>\n<link rel=\"canonical\" href=\"https:\/\/yenihayattipmerkezi.com\/yeni\/iletisim\/\" \/>\n<meta property=\"og:locale\" content=\"tr_TR\" \/>\n<meta property=\"og:type\" content=\"article\" \/>\n<meta property=\"og:title\" content=\"\u0130leti\u015fim - Yeni Hayat T\u0131p Merkezi\" \/>\n<meta property=\"og:url\" content=\"https:\/\/yenihayattipmerkezi.com\/yeni\/iletisim\/\" \/>\n<meta property=\"og:site_name\" content=\"Yeni Hayat T\u0131p Merkezi\" \/>\n<meta property=\"article:modified_time\" content=\"2021-01-14T19:43:12+00:00\" \/>\n<meta name=\"twitter:card\" content=\"summary_large_image\" \/>\n<meta name=\"twitter:label1\" content=\"Tahmini okuma s\u00fcresi\" \/>\n\t<meta name=\"twitter:data1\" content=\"2 dakika\" \/>\n<script type=\"application\/ld+json\" class=\"yoast-schema-graph\">{\"@context\":\"https:\/\/schema.org\",\"@graph\":[{\"@type\":\"WebSite\",\"@id\":\"https:\/\/yenihayattipmerkezi.com\/yeni\/#website\",\"url\":\"https:\/\/yenihayattipmerkezi.com\/yeni\/\",\"name\":\"Yeni Hayat T\\u0131p Merkezi\",\"description\":\"Yeni Hayat T\\u0131p Merkezi\",\"potentialAction\":[{\"@type\":\"SearchAction\",\"target\":{\"@type\":\"EntryPoint\",\"urlTemplate\":\"https:\/\/yenihayattipmerkezi.com\/yeni\/?s={search_term_string}\"},\"query-input\":\"required name=search_term_string\"}],\"inLanguage\":\"tr\"},{\"@type\":\"WebPage\",\"@id\":\"https:\/\/yenihayattipmerkezi.com\/yeni\/iletisim\/#webpage\",\"url\":\"https:\/\/yenihayattipmerkezi.com\/yeni\/iletisim\/\",\"name\":\"\\u0130leti\\u015fim - Yeni Hayat T\\u0131p Merkezi\",\"isPartOf\":{\"@id\":\"https:\/\/yenihayattipmerkezi.com\/yeni\/#website\"},\"datePublished\":\"2015-04-15T10:57:41+00:00\",\"dateModified\":\"2021-01-14T19:43:12+00:00\",\"breadcrumb\":{\"@id\":\"https:\/\/yenihayattipmerkezi.com\/yeni\/iletisim\/#breadcrumb\"},\"inLanguage\":\"tr\",\"potentialAction\":[{\"@type\":\"ReadAction\",\"target\":[\"https:\/\/yenihayattipmerkezi.com\/yeni\/iletisim\/\"]}]},{\"@type\":\"BreadcrumbList\",\"@id\":\"https:\/\/yenihayattipmerkezi.com\/yeni\/iletisim\/#breadcrumb\",\"itemListElement\":[{\"@type\":\"ListItem\",\"position\":1,\"name\":\"Home\",\"item\":\"https:\/\/yenihayattipmerkezi.com\/yeni\/\"},{\"@type\":\"ListItem\",\"position\":2,\"name\":\"\\u0130leti\\u015fim\"}]}]}<\/script>\n<!-- \/ Yoast SEO plugin. -->","yoast_head_json":{"title":"\u0130leti\u015fim - Yeni Hayat T\u0131p Merkezi","robots":{"index":"index","follow":"follow","max-snippet":"max-snippet:-1","max-image-preview":"max-image-preview:large","max-video-preview":"max-video-preview:-1"},"canonical":"https:\/\/yenihayattipmerkezi.com\/yeni\/iletisim\/","og_locale":"tr_TR","og_type":"article","og_title":"\u0130leti\u015fim - Yeni Hayat T\u0131p Merkezi","og_url":"https:\/\/yenihayattipmerkezi.com\/yeni\/iletisim\/","og_site_name":"Yeni Hayat T\u0131p Merkezi","article_modified_time":"2021-01-14T19:43:12+00:00","twitter_card":"summary_large_image","twitter_misc":{"Tahmini okuma s\u00fcresi":"2 dakika"},"schema":{"@context":"https:\/\/schema.org","@graph":[{"@type":"WebSite","@id":"https:\/\/yenihayattipmerkezi.com\/yeni\/#website","url":"https:\/\/yenihayattipmerkezi.com\/yeni\/","name":"Yeni Hayat T\u0131p Merkezi","description":"Yeni Hayat T\u0131p Merkezi","potentialAction":[{"@type":"SearchAction","target":{"@type":"EntryPoint","urlTemplate":"https:\/\/yenihayattipmerkezi.com\/yeni\/?s={search_term_string}"},"query-input":"required name=search_term_string"}],"inLanguage":"tr"},{"@type":"WebPage","@id":"https:\/\/yenihayattipmerkezi.com\/yeni\/iletisim\/#webpage","url":"https:\/\/yenihayattipmerkezi.com\/yeni\/iletisim\/","name":"\u0130leti\u015fim - Yeni Hayat T\u0131p Merkezi","isPartOf":{"@id":"https:\/\/yenihayattipmerkezi.com\/yeni\/#website"},"datePublished":"2015-04-15T10:57:41+00:00","dateModified":"2021-01-14T19:43:12+00:00","breadcrumb":{"@id":"https:\/\/yenihayattipmerkezi.com\/yeni\/iletisim\/#breadcrumb"},"inLanguage":"tr","potentialAction":[{"@type":"ReadAction","target":["https:\/\/yenihayattipmerkezi.com\/yeni\/iletisim\/"]}]},{"@type":"BreadcrumbList","@id":"https:\/\/yenihayattipmerkezi.com\/yeni\/iletisim\/#breadcrumb","itemListElement":[{"@type":"ListItem","position":1,"name":"Home","item":"https:\/\/yenihayattipmerkezi.com\/yeni\/"},{"@type":"ListItem","position":2,"name":"\u0130leti\u015fim"}]}]}},"_links":{"self":[{"href":"https:\/\/yenihayattipmerkezi.com\/yeni\/wp-json\/wp\/v2\/pages\/60","targetHints":{"allow":["GET"]}}],"collection":[{"href":"https:\/\/yenihayattipmerkezi.com\/yeni\/wp-json\/wp\/v2\/pages"}],"about":[{"href":"https:\/\/yenihayattipmerkezi.com\/yeni\/wp-json\/wp\/v2\/types\/page"}],"author":[{"embeddable":true,"href":"https:\/\/yenihayattipmerkezi.com\/yeni\/wp-json\/wp\/v2\/users\/1"}],"replies":[{"embeddable":true,"href":"https:\/\/yenihayattipmerkezi.com\/yeni\/wp-json\/wp\/v2\/comments?post=60"}],"version-history":[{"count":0,"href":"https:\/\/yenihayattipmerkezi.com\/yeni\/wp-json\/wp\/v2\/pages\/60\/revisions"}],"wp:attachment":[{"href":"https:\/\/yenihayattipmerkezi.com\/yeni\/wp-json\/wp\/v2\/media?parent=60"}],"curies":[{"name":"wp","href":"https:\/\/api.w.org\/{rel}","templated":true}]}}