{"id":9861,"date":"2016-01-29T15:42:43","date_gmt":"2016-01-29T15:42:43","guid":{"rendered":"http:\/\/construction-pro.cmsmasters.net\/?page_id=9861"},"modified":"2021-02-24T08:03:10","modified_gmt":"2021-02-24T08:03:10","slug":"online-randevu","status":"publish","type":"page","link":"https:\/\/yenihayattipmerkezi.com\/yeni\/online-randevu\/","title":{"rendered":"Online Randevu"},"content":{"rendered":"<div id=\"cmsmasters_row_6344944787\" class=\"cmsmasters_row cmsmasters_color_scheme_default cmsmasters_row_top_default cmsmasters_row_bot_default cmsmasters_row_boxed\">\n<div class=\"cmsmasters_row_outer_parent\">\n<div class=\"cmsmasters_row_outer\">\n<div class=\"cmsmasters_row_inner\">\n<div class=\"cmsmasters_row_margin\">\n<div id=\"cmsmasters_column_39538558df\" class=\"cmsmasters_column one_half\">\n<div class=\"cmsmasters_column_inner\"><\/div><\/div>\n<div id=\"cmsmasters_column_4d243f277a\" class=\"cmsmasters_column one_half\">\n<div class=\"cmsmasters_column_inner\"><div id=\"cmsmasters_fb_e09cd08e29\" class=\"cmsmasters_featured_block cmsmasters_make_an_appointment\">\n<div class=\"featured_block_inner\">\n<div class=\"featured_block_text\">\n<div id=\"cmsmasters_heading_c0d8ed2460\" class=\"cmsmasters_heading_wrap cmsmasters_heading_align_left\">\n\t<h1 class=\"cmsmasters_heading\"> Online Randevu<\/h1>\n<\/div><div class=\"cmsmasters_contact_form\"><div role=\"form\" class=\"wpcf7\" id=\"wpcf7-f12468-o1\" lang=\"en-US\" dir=\"ltr\">\n<div class=\"screen-reader-response\"><p role=\"status\" aria-live=\"polite\" aria-atomic=\"true\"><\/p> <ul><\/ul><\/div>\n<form action=\"\/yeni\/wp-json\/wp\/v2\/pages\/9861#wpcf7-f12468-o1\" method=\"post\" class=\"wpcf7-form init\" novalidate=\"novalidate\" data-status=\"init\">\n<div style=\"display: none;\">\n<input type=\"hidden\" name=\"_wpcf7\" value=\"12468\" \/>\n<input type=\"hidden\" name=\"_wpcf7_version\" value=\"5.5.3\" \/>\n<input type=\"hidden\" name=\"_wpcf7_locale\" value=\"en_US\" \/>\n<input type=\"hidden\" name=\"_wpcf7_unit_tag\" value=\"wpcf7-f12468-o1\" \/>\n<input type=\"hidden\" name=\"_wpcf7_container_post\" value=\"0\" \/>\n<input type=\"hidden\" name=\"_wpcf7_posted_data_hash\" value=\"\" \/>\n<\/div>\n<div class=\"cmsmasters_row_margin cmsmasters_1212\">\n<div class=\"cmsmasters_column one_first\">\n<p><\/p>\n<p>\n            <span class=\"wpcf7-form-control-wrap your-name\"><input type=\"text\" name=\"your-name\" value=\"\" size=\"40\" class=\"wpcf7-form-control wpcf7-text\" aria-invalid=\"false\" placeholder=\"\u0130sim Soyisim\" \/><\/span>\n        <\/p>\n<\/div>\n<div class=\"cmsmasters_column one_half\">\n<p><\/p>\n<p>\n            <span class=\"wpcf7-form-control-wrap your-email\"><input type=\"text\" name=\"your-email\" value=\"\" size=\"40\" class=\"wpcf7-form-control wpcf7-text\" aria-invalid=\"false\" placeholder=\"Email Adresiniz\" \/><\/span>\n        <\/p>\n<\/div>\n<div class=\"cmsmasters_column one_half\">\n<p><\/p>\n<p>\n            <span class=\"wpcf7-form-control-wrap phone\"><input type=\"tel\" name=\"phone\" value=\"\" size=\"40\" class=\"wpcf7-form-control wpcf7-text wpcf7-tel wpcf7-validates-as-tel\" aria-invalid=\"false\" placeholder=\"Telefon\" \/><\/span>\n        <\/p>\n<\/div>\n<\/div>\n<div class=\"cmsmasters_row_margin cmsmasters_11\">\n<div class=\"cmsmasters_column one_first\">\n<p>\n            <span class=\"wpcf7-form-control-wrap your-message\"><textarea name=\"your-message\" cols=\"40\" rows=\"10\" class=\"wpcf7-form-control wpcf7-textarea\" aria-invalid=\"false\" placeholder=\"Sorunuz *\"><\/textarea><\/span>\n        <\/p>\n<\/div>\n<div class=\"cmsmasters_column one_first\">\n        <input type=\"submit\" value=\"Uzman\u0131na Sorun\" class=\"wpcf7-form-control has-spinner wpcf7-submit\" \/>\n    <\/div>\n<\/div>\n<div class=\"wpcf7-response-output\" aria-hidden=\"true\"><\/div><\/form><\/div><\/div>\n\n<\/div>\n<\/div>\n<\/div>\n<\/div><\/div>\n<\/div>\n<\/div>\n<\/div>\n<\/div>\n<\/div>\n<div id=\"cmsmasters_row_6c3564598c\" class=\"cmsmasters_row cmsmasters_color_scheme_default cmsmasters_row_top_default cmsmasters_row_bot_default cmsmasters_row_boxed\">\n<div class=\"cmsmasters_row_outer_parent\">\n<div class=\"cmsmasters_row_outer\">\n<div class=\"cmsmasters_row_inner\">\n<div class=\"cmsmasters_row_margin\">\n<div id=\"cmsmasters_column_1418cd1efb\" class=\"cmsmasters_column one_third\">\n<div class=\"cmsmasters_column_inner\"><div id=\"cmsmasters_icon_box_ac4c1d63ae\" class=\"cmsmasters_icon_box cmsmasters_icon_box_left_top box_icon_type_icon cmsmasters-icon-custom-6\">\n<div class=\"icon_box_inner\">\n<h4 class=\"icon_box_heading\">Check Up<\/h4>\n<div class=\"icon_box_text\">\n<p>Ya\u015f, \u00e7evresel etkenler ve geneti\u015f ge\u00e7i\u015f nedeniyle ortaya \u00e7\u0131kan bir\u00e7ok hastal\u0131\u011f\u0131n erken tan\u0131s\u0131 i\u00e7in Check Up yapt\u0131rmak son derece \u00f6nemlidir.<\/p>\n<\/div>\n<\/div>\n<\/div>\n<\/div><\/div>\n<div id=\"cmsmasters_column_0f73ed1f7a\" class=\"cmsmasters_column one_third\">\n<div class=\"cmsmasters_column_inner\"><div id=\"cmsmasters_icon_box_ad53ef50f5\" class=\"cmsmasters_icon_box cmsmasters_icon_box_left_top box_icon_type_icon cmsmasters-icon-custom-13\">\n<div class=\"icon_box_inner\">\n<h4 class=\"icon_box_heading\">Care About All Clients <\/h4>\n<div class=\"icon_box_text\">\n<p>Lorem ipsum dolor sit amet nsectetur cing elit. Suspe ndisse suscipit sagittis leo sit met entum estibulum dignissim<\/p>\n<\/div>\n<\/div>\n<\/div>\n<\/div><\/div>\n<div id=\"cmsmasters_column_459f216fa1\" class=\"cmsmasters_column one_third\">\n<div class=\"cmsmasters_column_inner\"><div id=\"cmsmasters_icon_box_128bbe3759\" class=\"cmsmasters_icon_box cmsmasters_icon_box_left_top box_icon_type_icon cmsmasters-icon-chat-3\">\n<div class=\"icon_box_inner\">\n<h4 class=\"icon_box_heading\">Communication With Patients<\/h4>\n<div class=\"icon_box_text\">\n<p>Lorem ipsum dolor sit amet nsectetur cing elit. Suspe ndisse suscipit sagittis leo sit met entum estibulum dignissim<\/p>\n<\/div>\n<\/div>\n<\/div>\n<\/div><\/div>\n<\/div>\n<\/div>\n<\/div>\n<\/div>\n<\/div>\n<div id=\"cmsmasters_row_be2386fde1\" class=\"cmsmasters_row cmsmasters_color_scheme_default cmsmasters_row_top_default cmsmasters_row_bot_default cmsmasters_row_fullwidth\">\n<div class=\"cmsmasters_row_outer_parent\">\n<div class=\"cmsmasters_row_outer\">\n<div class=\"cmsmasters_row_inner cmsmasters_row_fullwidth\">\n<div class=\"cmsmasters_row_margin\">\n<div id=\"cmsmasters_column_e7cd6c9622\" class=\"cmsmasters_column one_first\">\n<div class=\"cmsmasters_column_inner\">\n<div id=\"cmsmasters_divider_3ed735cdd4\" class=\"cmsmasters_divider cmsmasters_divider_width_long cmsmasters_divider_pos_center\"><\/div>\n<div id=\"cmsmasters_heading_nwv22h4i\" class=\"cmsmasters_heading_wrap cmsmasters_heading_align_center cmsmasters_heading_divider_long\">\n\t<span class=\"cmsmasters_heading_divider_left_wrap\"><span class=\"cmsmasters_heading_divider cmsmasters_heading_divider_left\"><\/span><\/span>\n<h2 class=\"cmsmasters_heading\">Check Up Hakk\u0131nda Bilmek istedikleriniz<\/h2>\n<span class=\"cmsmasters_heading_divider_right_wrap\"><span class=\"cmsmasters_heading_divider cmsmasters_heading_divider_right\"><\/span><\/span>\n<\/div>\n<\/div><\/div>\n<\/div>\n<\/div>\n<\/div>\n<\/div>\n<\/div>\n<div id=\"cmsmasters_row_9cc16ae24a\" class=\"cmsmasters_row cmsmasters_color_scheme_default cmsmasters_row_top_default cmsmasters_row_bot_default cmsmasters_row_boxed\">\n<div class=\"cmsmasters_row_outer_parent\">\n<div class=\"cmsmasters_row_outer\">\n<div class=\"cmsmasters_row_inner\">\n<div class=\"cmsmasters_row_margin\">\n<div id=\"cmsmasters_column_d43e1ef666\" class=\"cmsmasters_column one_half\">\n<div class=\"cmsmasters_column_inner\"><div class=\"cmsmasters_toggles toggles_mode_accordion\">\n<div class=\"cmsmasters_toggle_wrap current_toggle\" data-tags=\"all \">\n<div class=\"cmsmasters_toggle_title\">\n<span class=\"cmsmasters_toggle_plus\">\n<span class=\"cmsmasters_toggle_plus_hor\"><\/span>\n<span class=\"cmsmasters_toggle_plus_vert\"><\/span>\n<\/span>\n<a href=\"#\">CHECK-UP NED\u0130R?<\/a>\n<\/div>\n<div class=\"cmsmasters_toggle\">\n<div class=\"cmsmasters_toggle_inner\">\n<p>Check Up genel bir sa\u011fl\u0131k taramas\u0131d\u0131r. Ya\u015f, \u00e7evresel etkenler ve geneti\u015f ge\u00e7i\u015f nedeniyle ortaya \u00e7\u0131kan bir\u00e7ok hastal\u0131\u011f\u0131n erken tan\u0131s\u0131 i\u00e7in Check Up yapt\u0131rmak son derece \u00f6nemlidir.<\/p>\n<\/div>\n<\/div>\n<\/div><div class=\"cmsmasters_toggle_wrap\" data-tags=\"all \">\n<div class=\"cmsmasters_toggle_title\">\n<span class=\"cmsmasters_toggle_plus\">\n<span class=\"cmsmasters_toggle_plus_hor\"><\/span>\n<span class=\"cmsmasters_toggle_plus_vert\"><\/span>\n<\/span>\n<a href=\"#\">NEDEN CHECK-UP YAPTIRMALISINIZ?<\/a>\n<\/div>\n<div class=\"cmsmasters_toggle\">\n<div class=\"cmsmasters_toggle_inner\">\n<p>Hi\u00e7bir belirti vermeden geli\u015febilen, hayat\u0131 tehdit eden, tedavisi y\u0131prat\u0131c\u0131 olan bir\u00e7ok hastal\u0131k her ya\u015fta ortaya \u00e7\u0131kabilir. Bu hastal\u0131klar\u0131 erken d\u00f6nemlerinde tespit edebilmek Check Up sayesinde m\u00fcmk\u00fcnd\u00fcr. Erken te\u015fhis, tedavinin ilk ad\u0131m\u0131d\u0131r.<\/p>\n<\/div>\n<\/div>\n<\/div><div class=\"cmsmasters_toggle_wrap\" data-tags=\"all \">\n<div class=\"cmsmasters_toggle_title\">\n<span class=\"cmsmasters_toggle_plus\">\n<span class=\"cmsmasters_toggle_plus_hor\"><\/span>\n<span class=\"cmsmasters_toggle_plus_vert\"><\/span>\n<\/span>\n<a href=\"#\">CHECK-UP K\u0130MLERE VE SIKLIKLA UYGULANMALIDIR?<\/a>\n<\/div>\n<div class=\"cmsmasters_toggle\">\n<div class=\"cmsmasters_toggle_inner\">\n<div class=\"accordion\">\n<div class=\"acc-item\">Check Up genel bir sa\u011fl\u0131k taramas\u0131d\u0131r. Ya\u015f, \u00e7evresel etkenler ve geneti\u015f ge\u00e7i\u015f nedeniyle ortaya \u00e7\u0131kan bir\u00e7ok hastal\u0131\u011f\u0131n erken tan\u0131s\u0131 i\u00e7in Check Up yapt\u0131rmak son derece \u00f6nemlidir.<\/div>\n<\/div>\n<div class=\"acc-item\">\n<div class=\"firstDiv\" data-inner-height=\"78\">\n<div class=\"innerWrap clearfix\">\n<div class=\"clr\">Hi\u00e7bir belirti vermeden geli\u015febilen, hayat\u0131 tehdit eden, tedavisi y\u0131prat\u0131c\u0131 olan bir\u00e7ok hastal\u0131k her ya\u015fta ortaya \u00e7\u0131kabilir. Bu hastal\u0131klar\u0131 erken d\u00f6nemlerinde tespit edebilmek Check Up sayesinde m\u00fcmk\u00fcnd\u00fcr. Erken te\u015fhis, tedavinin ilk ad\u0131m\u0131d\u0131r.<\/div>\n<\/div>\n<\/div>\n<\/div>\n<div class=\"acc-item\">\n<div class=\"firstDiv\" data-inner-height=\"101\">\n<div class=\"innerWrap clearfix\">\n<div class=\"clr\">Genel sa\u011fl\u0131k kontrol\u00fc olan Check Up&#8217;\u0131n hi\u00e7bir \u015fik\u00e2yeti ve hastal\u0131\u011f\u0131 olmayan t\u00fcm ki\u015filere y\u0131lda en az bir defa d\u00fczenli olarak yap\u0131lmas\u0131 \u00f6nerilir.<\/div>\n<\/div>\n<\/div>\n<\/div>\n<div class=\"firstDiv\" data-inner-height=\"169\">\n<div class=\"innerWrap clearfix\">\n<p>Belirli hastal\u0131klara genetik yatk\u0131nl\u0131\u011f\u0131 olan ki\u015filerin Check Up yapma s\u0131kl\u0131\u011f\u0131 de\u011fi\u015febilir.<\/p>\n<p>Hamilelerin ve mevcut sa\u011fl\u0131k sorunlar\u0131 olan hastalar\u0131n ara\u015ft\u0131rma ama\u00e7l\u0131 Check Up yapmalar\u0131 \u00f6nerilmez.<\/p>\n<\/div>\n<\/div>\n<\/div>\n<\/div>\n<\/div><div class=\"cmsmasters_toggle_wrap\" data-tags=\"all \">\n<div class=\"cmsmasters_toggle_title\">\n<span class=\"cmsmasters_toggle_plus\">\n<span class=\"cmsmasters_toggle_plus_hor\"><\/span>\n<span class=\"cmsmasters_toggle_plus_vert\"><\/span>\n<\/span>\n<a href=\"#\">CHECK-UP \u0130\u00c7ER\u0130\u011e\u0130<\/a>\n<\/div>\n<div class=\"cmsmasters_toggle\">\n<div class=\"cmsmasters_toggle_inner\">\n<p>Standart Check Up paketlerimiz belirli ya\u015f d\u00f6nemlerine, ailesel ge\u00e7i\u015fli hastal\u0131k riskine ve ki\u015finin hayat tarz\u0131na ba\u011fl\u0131 olarak g\u00f6re olu\u015fturulmu\u015ftur.<\/p>\n<p>Ayr\u0131ca, ilgili muayenelerin ve gerekli g\u00f6r\u00fclen testlerin tespiti ile ki\u015fiye \u00f6zel Check Up paketleri de haz\u0131rlanabilir.<\/p>\n<\/div>\n<\/div>\n<\/div><div class=\"cmsmasters_toggle_wrap\" data-tags=\"all \">\n<div class=\"cmsmasters_toggle_title\">\n<span class=\"cmsmasters_toggle_plus\">\n<span class=\"cmsmasters_toggle_plus_hor\"><\/span>\n<span class=\"cmsmasters_toggle_plus_vert\"><\/span>\n<\/span>\n<a href=\"#\">CHECK-UP UYGULAMASI NE KADAR S\u00dcREDE GER\u00c7EKLE\u015e\u0130R?<\/a>\n<\/div>\n<div class=\"cmsmasters_toggle\">\n<div class=\"cmsmasters_toggle_inner\">\n<div class=\"accordion\">\n<div class=\"acc-item\">\n<div class=\"accordion\">\n<div class=\"acc-item\">\n<div class=\"accordion\"><\/div>\n<div class=\"acc-item selected\">Konusunda e\u011fitimli Check Up dan\u0131\u015fmanlar\u0131m\u0131z t\u00fcm a\u015famalarda size refakat eder. Refakat\u00e7iniz e\u015fli\u011finde yap\u0131lacak i\u015flemleriniz i\u00e7in, tercih etti\u011finiz paketin kapsam\u0131na ba\u011fl\u0131 olarak, 2 ile 8 saat aras\u0131nda zaman ay\u0131rman\u0131z gerekmektedir.<\/div>\n<\/div>\n<\/div>\n<\/div>\n<\/div>\n<\/div>\n<\/div>\n<\/div><div class=\"cmsmasters_toggle_wrap\" data-tags=\"all \">\n<div class=\"cmsmasters_toggle_title\">\n<span class=\"cmsmasters_toggle_plus\">\n<span class=\"cmsmasters_toggle_plus_hor\"><\/span>\n<span class=\"cmsmasters_toggle_plus_vert\"><\/span>\n<\/span>\n<a href=\"#\">CHECK-UP RANDEVUNUZA GEL\u0130RKEN<\/a>\n<\/div>\n<div class=\"cmsmasters_toggle\">\n<div class=\"cmsmasters_toggle_inner\">\n<ul>\n<li>Daha \u00f6nce yap\u0131lm\u0131\u015f test ve di\u011fer tetkik sonu\u00e7lar\u0131n\u0131 beraberinizde getiriniz.<\/li>\n<li>Randevu g\u00fcn\u00fc olas\u0131 fiziksel aktivite gerektirecek testler i\u00e7in rahat k\u0131yafet ve ayakkab\u0131 ile geliniz.<\/li>\n<li>Randevu g\u00fcn\u00fc en az 10-12 saat s\u00fcreli a\u00e7 geliniz (Ak\u015fam saat 21:00\u2019d en sonra yemek yemeyiniz, saat 24:00\u2019ten sonra su i\u00e7meyiniz).<\/li>\n<li>Check Up sonu\u00e7lar\u0131n\u0131z\u0131 etkileyebilecek detaylara dikkat ediniz. Bayanlar i\u00e7in menstruasyon (regl) d\u00f6nemi Check Up i\u00e7in uygun de\u011fildir.<\/li>\n<li>Herhangi bir vitamin, mineral deste\u011fi kullanmamal\u0131, kullan\u0131l\u0131yorsa mutlaka belirtiniz.<\/li>\n<li>Brokoli, turp gibi \u00e7ok enerjili yiyecekler t\u00fcketmeyiniz.<\/li>\n<li>Randevu g\u00fcn\u00fc \u00f6ncesi alkol almay\u0131n\u0131z.<\/li>\n<\/ul>\n<\/div>\n<\/div>\n<\/div><\/div>\n<\/div><\/div>\n<div id=\"cmsmasters_column_d5b3a322d1\" class=\"cmsmasters_column one_half\">\n<div class=\"cmsmasters_column_inner\"><div class=\"cmsmasters_toggles toggles_mode_accordion\">\n<div class=\"cmsmasters_toggle_wrap current_toggle\" data-tags=\"all \">\n<div class=\"cmsmasters_toggle_title\">\n<span class=\"cmsmasters_toggle_plus\">\n<span class=\"cmsmasters_toggle_plus_hor\"><\/span>\n<span class=\"cmsmasters_toggle_plus_vert\"><\/span>\n<\/span>\n<a href=\"#\">Integrative Medicine And Cancer Treatment<\/a>\n<\/div>\n<div class=\"cmsmasters_toggle\">\n<div class=\"cmsmasters_toggle_inner\">\n<p>Cum sociis natoque penatibus et magnis dis parturient ntesmus. Proin vel nibh et elit mollis commodo et nec augue tristique sed Quisque velit nisi, pretium ut lacinia lementum id enim. Nulla quis lorem ut libero malesuada feugiat. Cum sociis natoque penatibus et magnis<\/p>\n<\/div>\n<\/div>\n<\/div><div class=\"cmsmasters_toggle_wrap\" data-tags=\"all \">\n<div class=\"cmsmasters_toggle_title\">\n<span class=\"cmsmasters_toggle_plus\">\n<span class=\"cmsmasters_toggle_plus_hor\"><\/span>\n<span class=\"cmsmasters_toggle_plus_vert\"><\/span>\n<\/span>\n<a href=\"#\">Achieving Better Health Care One Patient At A Time<\/a>\n<\/div>\n<div class=\"cmsmasters_toggle\">\n<div class=\"cmsmasters_toggle_inner\">\n<p>Cum sociis natoque penatibus et magnis dis parturient ntesmus. Proin vel nibh et elit mollis commodo et nec augue tristique sed Quisque velit nisi, pretium ut lacinia lementum id enim. Nulla quis lorem ut libero malesuada feugiat. Cum sociis natoque penatibus et magnis<\/p>\n<\/div>\n<\/div>\n<\/div><div class=\"cmsmasters_toggle_wrap\" data-tags=\"all \">\n<div class=\"cmsmasters_toggle_title\">\n<span class=\"cmsmasters_toggle_plus\">\n<span class=\"cmsmasters_toggle_plus_hor\"><\/span>\n<span class=\"cmsmasters_toggle_plus_vert\"><\/span>\n<\/span>\n<a href=\"#\">Vitamins and supplements<\/a>\n<\/div>\n<div class=\"cmsmasters_toggle\">\n<div class=\"cmsmasters_toggle_inner\">\n<p>Cum sociis natoque penatibus et magnis dis parturient ntesmus. Proin vel nibh et elit mollis commodo et nec augue tristique sed Quisque velit nisi, pretium ut lacinia lementum id enim. Nulla quis lorem ut libero malesuada feugiat. Cum sociis natoque penatibus et magnis<\/p>\n<\/div>\n<\/div>\n<\/div><div class=\"cmsmasters_toggle_wrap\" data-tags=\"all \">\n<div class=\"cmsmasters_toggle_title\">\n<span class=\"cmsmasters_toggle_plus\">\n<span class=\"cmsmasters_toggle_plus_hor\"><\/span>\n<span class=\"cmsmasters_toggle_plus_vert\"><\/span>\n<\/span>\n<a href=\"#\">How do I get a refill on my prescription?<\/a>\n<\/div>\n<div class=\"cmsmasters_toggle\">\n<div class=\"cmsmasters_toggle_inner\">\n<p>Cum sociis natoque penatibus et magnis dis parturient ntesmus. Proin vel nibh et elit mollis commodo et nec augue tristique sed Quisque velit nisi, pretium ut lacinia lementum id enim. Nulla quis lorem ut libero malesuada feugiat. Cum sociis natoque penatibus et magnis<\/p>\n<\/div>\n<\/div>\n<\/div><\/div>\n<\/div><\/div>\n<\/div>\n<\/div>\n<\/div>\n<\/div>\n<\/div>\n\n","protected":false},"excerpt":{"rendered":"","protected":false},"author":1,"featured_media":0,"parent":0,"menu_order":0,"comment_status":"closed","ping_status":"closed","template":"","meta":{"footnotes":""},"class_list":["post-9861","page","type-page","status-publish","hentry"],"yoast_head":"<!-- This site is optimized with the Yoast SEO plugin v17.7 - https:\/\/yoast.com\/wordpress\/plugins\/seo\/ -->\n<title>Online Randevu - Yeni Hayat T\u0131p Merkezi<\/title>\n<meta name=\"robots\" content=\"index, follow, max-snippet:-1, max-image-preview:large, max-video-preview:-1\" \/>\n<link rel=\"canonical\" href=\"https:\/\/yenihayattipmerkezi.com\/yeni\/online-randevu\/\" \/>\n<meta property=\"og:locale\" content=\"tr_TR\" \/>\n<meta property=\"og:type\" content=\"article\" \/>\n<meta property=\"og:title\" content=\"Online Randevu - Yeni Hayat T\u0131p Merkezi\" \/>\n<meta property=\"og:url\" content=\"https:\/\/yenihayattipmerkezi.com\/yeni\/online-randevu\/\" \/>\n<meta property=\"og:site_name\" content=\"Yeni Hayat T\u0131p Merkezi\" \/>\n<meta property=\"article:modified_time\" content=\"2021-02-24T08:03:10+00:00\" \/>\n<meta name=\"twitter:card\" content=\"summary_large_image\" \/>\n<meta name=\"twitter:label1\" content=\"Tahmini okuma s\u00fcresi\" \/>\n\t<meta name=\"twitter:data1\" content=\"7 dakika\" \/>\n<script type=\"application\/ld+json\" class=\"yoast-schema-graph\">{\"@context\":\"https:\/\/schema.org\",\"@graph\":[{\"@type\":\"WebSite\",\"@id\":\"https:\/\/yenihayattipmerkezi.com\/yeni\/#website\",\"url\":\"https:\/\/yenihayattipmerkezi.com\/yeni\/\",\"name\":\"Yeni Hayat T\\u0131p Merkezi\",\"description\":\"Yeni Hayat T\\u0131p Merkezi\",\"potentialAction\":[{\"@type\":\"SearchAction\",\"target\":{\"@type\":\"EntryPoint\",\"urlTemplate\":\"https:\/\/yenihayattipmerkezi.com\/yeni\/?s={search_term_string}\"},\"query-input\":\"required name=search_term_string\"}],\"inLanguage\":\"tr\"},{\"@type\":\"WebPage\",\"@id\":\"https:\/\/yenihayattipmerkezi.com\/yeni\/online-randevu\/#webpage\",\"url\":\"https:\/\/yenihayattipmerkezi.com\/yeni\/online-randevu\/\",\"name\":\"Online Randevu - Yeni Hayat T\\u0131p Merkezi\",\"isPartOf\":{\"@id\":\"https:\/\/yenihayattipmerkezi.com\/yeni\/#website\"},\"datePublished\":\"2016-01-29T15:42:43+00:00\",\"dateModified\":\"2021-02-24T08:03:10+00:00\",\"breadcrumb\":{\"@id\":\"https:\/\/yenihayattipmerkezi.com\/yeni\/online-randevu\/#breadcrumb\"},\"inLanguage\":\"tr\",\"potentialAction\":[{\"@type\":\"ReadAction\",\"target\":[\"https:\/\/yenihayattipmerkezi.com\/yeni\/online-randevu\/\"]}]},{\"@type\":\"BreadcrumbList\",\"@id\":\"https:\/\/yenihayattipmerkezi.com\/yeni\/online-randevu\/#breadcrumb\",\"itemListElement\":[{\"@type\":\"ListItem\",\"position\":1,\"name\":\"Home\",\"item\":\"https:\/\/yenihayattipmerkezi.com\/yeni\/\"},{\"@type\":\"ListItem\",\"position\":2,\"name\":\"Online Randevu\"}]}]}<\/script>\n<!-- \/ Yoast SEO plugin. -->","yoast_head_json":{"title":"Online Randevu - Yeni Hayat T\u0131p Merkezi","robots":{"index":"index","follow":"follow","max-snippet":"max-snippet:-1","max-image-preview":"max-image-preview:large","max-video-preview":"max-video-preview:-1"},"canonical":"https:\/\/yenihayattipmerkezi.com\/yeni\/online-randevu\/","og_locale":"tr_TR","og_type":"article","og_title":"Online Randevu - Yeni Hayat T\u0131p Merkezi","og_url":"https:\/\/yenihayattipmerkezi.com\/yeni\/online-randevu\/","og_site_name":"Yeni Hayat T\u0131p Merkezi","article_modified_time":"2021-02-24T08:03:10+00:00","twitter_card":"summary_large_image","twitter_misc":{"Tahmini okuma s\u00fcresi":"7 dakika"},"schema":{"@context":"https:\/\/schema.org","@graph":[{"@type":"WebSite","@id":"https:\/\/yenihayattipmerkezi.com\/yeni\/#website","url":"https:\/\/yenihayattipmerkezi.com\/yeni\/","name":"Yeni Hayat T\u0131p Merkezi","description":"Yeni Hayat T\u0131p Merkezi","potentialAction":[{"@type":"SearchAction","target":{"@type":"EntryPoint","urlTemplate":"https:\/\/yenihayattipmerkezi.com\/yeni\/?s={search_term_string}"},"query-input":"required name=search_term_string"}],"inLanguage":"tr"},{"@type":"WebPage","@id":"https:\/\/yenihayattipmerkezi.com\/yeni\/online-randevu\/#webpage","url":"https:\/\/yenihayattipmerkezi.com\/yeni\/online-randevu\/","name":"Online Randevu - Yeni Hayat T\u0131p Merkezi","isPartOf":{"@id":"https:\/\/yenihayattipmerkezi.com\/yeni\/#website"},"datePublished":"2016-01-29T15:42:43+00:00","dateModified":"2021-02-24T08:03:10+00:00","breadcrumb":{"@id":"https:\/\/yenihayattipmerkezi.com\/yeni\/online-randevu\/#breadcrumb"},"inLanguage":"tr","potentialAction":[{"@type":"ReadAction","target":["https:\/\/yenihayattipmerkezi.com\/yeni\/online-randevu\/"]}]},{"@type":"BreadcrumbList","@id":"https:\/\/yenihayattipmerkezi.com\/yeni\/online-randevu\/#breadcrumb","itemListElement":[{"@type":"ListItem","position":1,"name":"Home","item":"https:\/\/yenihayattipmerkezi.com\/yeni\/"},{"@type":"ListItem","position":2,"name":"Online Randevu"}]}]}},"_links":{"self":[{"href":"https:\/\/yenihayattipmerkezi.com\/yeni\/wp-json\/wp\/v2\/pages\/9861","targetHints":{"allow":["GET"]}}],"collection":[{"href":"https:\/\/yenihayattipmerkezi.com\/yeni\/wp-json\/wp\/v2\/pages"}],"about":[{"href":"https:\/\/yenihayattipmerkezi.com\/yeni\/wp-json\/wp\/v2\/types\/page"}],"author":[{"embeddable":true,"href":"https:\/\/yenihayattipmerkezi.com\/yeni\/wp-json\/wp\/v2\/users\/1"}],"replies":[{"embeddable":true,"href":"https:\/\/yenihayattipmerkezi.com\/yeni\/wp-json\/wp\/v2\/comments?post=9861"}],"version-history":[{"count":1,"href":"https:\/\/yenihayattipmerkezi.com\/yeni\/wp-json\/wp\/v2\/pages\/9861\/revisions"}],"predecessor-version":[{"id":14260,"href":"https:\/\/yenihayattipmerkezi.com\/yeni\/wp-json\/wp\/v2\/pages\/9861\/revisions\/14260"}],"wp:attachment":[{"href":"https:\/\/yenihayattipmerkezi.com\/yeni\/wp-json\/wp\/v2\/media?parent=9861"}],"curies":[{"name":"wp","href":"https:\/\/api.w.org\/{rel}","templated":true}]}}